{"id":28898,"date":"2021-10-12T15:51:09","date_gmt":"2021-10-12T13:51:09","guid":{"rendered":"https:\/\/kanlike.com\/ueber-uns\/"},"modified":"2025-08-23T21:28:03","modified_gmt":"2025-08-23T18:28:03","slug":"ueber-uns","status":"publish","type":"page","link":"https:\/\/kanlike.com\/de\/ueber-uns\/","title":{"rendered":"\u00dcber uns"},"content":{"rendered":"\t\t<div data-elementor-type=\"wp-page\" data-elementor-id=\"28898\" class=\"elementor elementor-28898 elementor-4400\" data-elementor-post-type=\"page\">\n\t\t\t\t<div class=\"wd-negative-gap elementor-element elementor-element-1c90c3f wd-section-stretch e-flex e-con-boxed e-con e-parent\" data-id=\"1c90c3f\" data-element_type=\"container\" data-e-type=\"container\" data-settings=\"{&quot;background_background&quot;:&quot;classic&quot;}\">\n\t\t\t\t\t<div class=\"e-con-inner\">\n\t\t\t\t<div class=\"elementor-element elementor-element-3b638e4 elementor-widget elementor-widget-wd_text_block\" data-id=\"3b638e4\" data-element_type=\"widget\" data-e-type=\"widget\" data-widget_type=\"wd_text_block.default\">\n\t\t\t\t<div class=\"elementor-widget-container\">\n\t\t\t\t\t\t\t<div class=\"wd-text-block reset-last-child text-left\">\n\t\t\t\n\t\t\t<h2 style=\"text-align: center;\"><strong>Willkommen bei \ud835\udc0a\ud835\udc00\ud835\udc0d\ud835\udc0b\ud835\udc08\ud835\udc0a\ud835\udc04\u2013 Ihrem ultimativen Shopping-Ziel!<\/strong><\/h2><p>Bei \ud835\udc0a\ud835\udc00\ud835\udc0d\ud835\udc0b\ud835\udc08\ud835\udc0a\ud835\udc04 m\u00f6chten wir Ihr Einkaufserlebnis neu definieren. Unter einem virtuellen Dach bieten wir eine riesige Auswahl an Produkten: von trendiger Mode \u00fcber zeitlose Schuhe bis hin zu Haushaltsartikeln und modernster Elektronik. Wir erf\u00fcllen die Bed\u00fcrfnisse jedes Einzelnen und jeder Familie. <\/p><p>Unser Ziel ist einfach: Online-Shopping f\u00fcr Kunden weltweit soll einfach, zuverl\u00e4ssig und reibungslos sein.<\/p>\n\t\t\t\t\t<\/div>\n\t\t\t\t\t\t<\/div>\n\t\t\t\t<\/div>\n\t\t\t\t\t<\/div>\n\t\t\t\t<\/div>\n\t\t<div class=\"wd-negative-gap elementor-element elementor-element-7c7c544 e-flex e-con-boxed e-con e-parent\" data-id=\"7c7c544\" data-element_type=\"container\" data-e-type=\"container\">\n\t\t\t\t\t<div class=\"e-con-inner\">\n\t\t<div class=\"elementor-element elementor-element-e7cb5cd e-con-full e-flex e-con e-child\" data-id=\"e7cb5cd\" data-element_type=\"container\" data-e-type=\"container\">\n\t\t\t\t<div class=\"elementor-element elementor-element-56aec39 elementor-widget elementor-widget-wd_image_or_svg\" data-id=\"56aec39\" data-element_type=\"widget\" data-e-type=\"widget\" data-widget_type=\"wd_image_or_svg.default\">\n\t\t\t\t<div class=\"elementor-widget-container\">\n\t\t\t\t\t\n\t\t<div class=\"wd-image text-left\">\n\t\t\t\t\t\t\t\t<img loading=\"lazy\" decoding=\"async\" width=\"580\" height=\"580\" src=\"https:\/\/kanlike.com\/wp-content\/uploads\/2021\/10\/about-us-3-image-1.jpg\" class=\"attachment-full size-full\" alt=\"\" srcset=\"https:\/\/kanlike.com\/wp-content\/uploads\/2021\/10\/about-us-3-image-1.jpg 580w, https:\/\/kanlike.com\/wp-content\/uploads\/2021\/10\/about-us-3-image-1-430x430.jpg 430w, https:\/\/kanlike.com\/wp-content\/uploads\/2021\/10\/about-us-3-image-1-150x150.jpg 150w\" sizes=\"auto, (max-width: 580px) 100vw, 580px\" \/>\t\t\t\t\t<\/div>\n\n\t\t\t\t\t\t<\/div>\n\t\t\t\t<\/div>\n\t\t\t\t<\/div>\n\t\t<div class=\"elementor-element elementor-element-97d6084 e-con-full e-flex e-con e-child\" data-id=\"97d6084\" data-element_type=\"container\" data-e-type=\"container\">\n\t\t\t\t<div class=\"elementor-element elementor-element-98d830b wd-width-100 elementor-widget elementor-widget-wd_title\" data-id=\"98d830b\" data-element_type=\"widget\" data-e-type=\"widget\" data-widget_type=\"wd_title.default\">\n\t\t\t\t<div class=\"elementor-widget-container\">\n\t\t\t\t\t\t\t<div class=\"title-wrapper wd-set-mb reset-last-child wd-title-color-primary wd-title-style-default wd-title-size-large text-left\">\n\n\t\t\t\n\t\t\t<div class=\"liner-continer\">\n\t\t\t\t<h4 class=\"woodmart-title-container title wd-fontsize-xxl\">\u00dcber unseren Online-Shop<\/h4> \n\t\t\t\t\t\t\t<\/div>\n\n\t\t\t\t\t<\/div>\n\t\t\t\t\t\t<\/div>\n\t\t\t\t<\/div>\n\t\t\t\t<div class=\"elementor-element elementor-element-66e47ad elementor-widget elementor-widget-wd_text_block\" data-id=\"66e47ad\" data-element_type=\"widget\" data-e-type=\"widget\" data-widget_type=\"wd_text_block.default\">\n\t\t\t\t<div class=\"elementor-widget-container\">\n\t\t\t\t\t\t\t<div class=\"wd-text-block reset-last-child text-left\">\n\t\t\t\n\t\t\t<h1><strong>\ud835\udc0a\ud835\udc00\ud835\udc0d\ud835\udc0b\ud835\udc08\ud835\udc0a\ud835\udc04 LLC (GMBH)<\/strong><\/h1><p>wurde mit der Mission gegr\u00fcndet, ein nahtloses Einkaufserlebnis zu schaffen, indem wir unseren Kunden eine umfassende Auswahl an hochwertigen Produkten zu wettbewerbsf\u00e4higen Preisen anbieten. Im Laufe der Jahre haben wir uns zu einer vertrauensw\u00fcrdigen globalen Marke entwickelt, die t\u00e4glich Tausende zufriedener Kunden bedient. <\/p><h4><strong>Rechtliche Informationen<\/strong><\/h4><ul><li><strong>Firmenname:<\/strong> <strong>\ud835\udc0a\ud835\udc00\ud835\udc0d\ud835\udc0b\ud835\udc08\ud835\udc0a\ud835\udc04<\/strong><\/li><li><strong>Hauptsitz:<\/strong> 67 Suez Canal St, Mansoura, Dakahlia, Egypt, 35519<\/li><li><strong>E-mail:<\/strong> <a rel=\"noopener\">contact@kanlike.com<\/a><\/li><li><strong>Telefon :<\/strong> +20 201004454195<\/li><li><strong>Registrierungsnummer (CRN):<\/strong> [05887]<\/li><li><strong>Steuernummer (TIN):<\/strong> [763 _ 220 _ 132]<\/li><\/ul><hr>\n\t\t\t\t\t<\/div>\n\t\t\t\t\t\t<\/div>\n\t\t\t\t<\/div>\n\t\t\t\t<\/div>\n\t\t\t\t\t<\/div>\n\t\t\t\t<\/div>\n\t\t<div class=\"wd-negative-gap elementor-element elementor-element-8481c26 e-flex e-con-boxed e-con e-parent\" data-id=\"8481c26\" data-element_type=\"container\" data-e-type=\"container\">\n\t\t\t\t\t<div class=\"e-con-inner\">\n\t\t\t\t<div class=\"elementor-element elementor-element-d66a211 wd-width-100 elementor-widget elementor-widget-wd_title\" data-id=\"d66a211\" data-element_type=\"widget\" data-e-type=\"widget\" data-widget_type=\"wd_title.default\">\n\t\t\t\t<div class=\"elementor-widget-container\">\n\t\t\t\t\t\t\t<div class=\"title-wrapper wd-set-mb reset-last-child wd-title-color-primary wd-title-style-default wd-title-size-large text-center\">\n\n\t\t\t\n\t\t\t<div class=\"liner-continer\">\n\t\t\t\t<h4 class=\"woodmart-title-container title wd-fontsize-xxl\">Unsere Mission<\/h4> \n\t\t\t\t\t\t\t<\/div>\n\n\t\t\t\t\t\t\t<div class=\"title-after_title reset-last-child wd-fontsize-s\">\n\t\t\t\t\t<p>Unsere Mission ist es, Ihre bevorzugte Online-Shopping-Plattform zu werden. Daf\u00fcr bieten wir eine gro\u00dfe Produktvielfalt, eine einfache Navigation und sichere Eink\u00e4ufe. Jeder Kunde ist uns wichtig, und wir arbeiten unerm\u00fcdlich daran, Ihre Bed\u00fcrfnisse mit herausragendem Service zu erf\u00fcllen. <\/p>\t\t\t\t<\/div>\n\t\t\t\t\t<\/div>\n\t\t\t\t\t\t<\/div>\n\t\t\t\t<\/div>\n\t\t\t\t\t<\/div>\n\t\t\t\t<\/div>\n\t\t<div class=\"wd-negative-gap elementor-element elementor-element-0aaf669 wd-section-stretch e-flex e-con-boxed e-con e-parent\" data-id=\"0aaf669\" data-element_type=\"container\" data-e-type=\"container\" data-settings=\"{&quot;background_background&quot;:&quot;classic&quot;}\">\n\t\t\t\t\t<div class=\"e-con-inner\">\n\t\t<div class=\"elementor-element elementor-element-49529c7 color-scheme-light e-con-full e-flex e-con e-child\" data-id=\"49529c7\" data-element_type=\"container\" data-e-type=\"container\">\n\t\t\t\t<div class=\"elementor-element elementor-element-95c7bfa wd-width-100 elementor-widget elementor-widget-wd_title\" data-id=\"95c7bfa\" data-element_type=\"widget\" data-e-type=\"widget\" data-widget_type=\"wd_title.default\">\n\t\t\t\t<div class=\"elementor-widget-container\">\n\t\t\t\t\t\t\t<div class=\"title-wrapper wd-set-mb reset-last-child wd-title-color-primary wd-title-style-default wd-title-size-large text-left\">\n\n\t\t\t\n\t\t\t<div class=\"liner-continer\">\n\t\t\t\t<h4 class=\"woodmart-title-container title wd-fontsize-xxl\">Unser Versprechen<\/h4> \n\t\t\t\t\t\t\t<\/div>\n\n\t\t\t\t\t\t\t<div class=\"title-after_title reset-last-child wd-fontsize-s\">\n\t\t\t\t\t<p>At <strong>\ud835\udc0a\ud835\udc00\ud835\udc0d\ud835\udc0b\ud835\udc08\ud835\udc0a\ud835\udc04<\/strong>, we promise to:<\/p><ul><li>Qualit\u00e4tsprodukte, denen Sie vertrauen k\u00f6nnen.<\/li><li>Ein reibungsloses und angenehmes Einkaufserlebnis.<\/li><li>Schnelle und hilfreiche Unterst\u00fctzung f\u00fcr unsere Kunden.<\/li><\/ul><p>Ihre Zufriedenheit steht im Mittelpunkt unserer Arbeit, und wir geben unser Bestes, Ihre Erwartungen zu \u00fcbertreffen.<\/p><h4><strong>Unsere Vision<\/strong><\/h4><p>Das f\u00fchrende Ziel f\u00fcr Qualit\u00e4t, Komfort und Innovation zu sein, damit unsere Kunden immer alles finden, was sie brauchen \u2013 und das an einem einzigen Ort.<\/p>\t\t\t\t<\/div>\n\t\t\t\t\t<\/div>\n\t\t\t\t\t\t<\/div>\n\t\t\t\t<\/div>\n\t\t\t\t<\/div>\n\t\t<div class=\"elementor-element elementor-element-112f98a e-con-full e-flex e-con e-child\" data-id=\"112f98a\" data-element_type=\"container\" data-e-type=\"container\">\n\t\t<div class=\"elementor-element elementor-element-48c7dd1 e-con-full e-flex e-con e-child\" data-id=\"48c7dd1\" data-element_type=\"container\" data-e-type=\"container\">\n\t\t<div class=\"elementor-element elementor-element-54eb2d3 e-con-full e-flex e-con e-child\" data-id=\"54eb2d3\" data-element_type=\"container\" data-e-type=\"container\">\n\t\t\t\t<div class=\"elementor-element elementor-element-a92df4e elementor-widget elementor-widget-wd_text_block\" data-id=\"a92df4e\" data-element_type=\"widget\" data-e-type=\"widget\" data-widget_type=\"wd_text_block.default\">\n\t\t\t\t<div class=\"elementor-widget-container\">\n\t\t\t\t\t\t\t<div class=\"wd-text-block reset-last-child text-left\">\n\t\t\t\n\t\t\t<h3> <\/h3><h3><span style=\"color: #ffffff;\"><strong>Warum bei uns einkaufen?<\/strong><\/span><\/h3><ul><li><span style=\"color: #ffffff;\"><strong>Au\u00dfergew\u00f6hnlicher Kundenservice<\/strong>: Wir sind bei jedem Schritt f\u00fcr Sie da und sorgen f\u00fcr ein reibungsloses Einkaufserlebnis.<\/span><\/li><li><span style=\"color: #ffffff;\"><strong>Sicheres Einkaufen<\/strong>: Ihre Sicherheit hat f\u00fcr uns Priorit\u00e4t, und wir verwenden die neuesten Verschl\u00fcsselungstechnologien, um Ihre Daten zu sch\u00fctzen.<\/span><\/li><li><span style=\"color: #ffffff;\"><strong>Schneller und zuverl\u00e4ssiger Versand<\/strong>: Wir liefern Ihre Bestellungen schnell und effizient an Ihre Haust\u00fcr.<\/span><\/li><li><span style=\"color: #ffffff;\"><strong>Globale Reichweite<\/strong>: Wir bedienen Kunden auf der ganzen Welt und stellen sicher, dass jeder Zugang zu hochwertigen Produkten hat.<\/span><\/li><li><span style=\"color: #ffffff;\"><strong>Erschwingliche Preise<\/strong>: Wir bieten wettbewerbsf\u00e4hige Preise, ohne Kompromisse bei der Qualit\u00e4t einzugehen.<\/span><\/li><\/ul>\n\t\t\t\t\t<\/div>\n\t\t\t\t\t\t<\/div>\n\t\t\t\t<\/div>\n\t\t\t\t<\/div>\n\t\t\t\t<\/div>\n\t\t\t\t<\/div>\n\t\t\t\t\t<\/div>\n\t\t\t\t<\/div>\n\t\t<div class=\"wd-negative-gap elementor-element elementor-element-f168c0a e-flex e-con-boxed e-con e-parent\" data-id=\"f168c0a\" data-element_type=\"container\" data-e-type=\"container\">\n\t\t\t\t\t<div class=\"e-con-inner\">\n\t\t<div class=\"elementor-element elementor-element-5642404 e-con-full e-flex e-con e-child\" data-id=\"5642404\" data-element_type=\"container\" data-e-type=\"container\">\n\t\t\t\t<div class=\"elementor-element elementor-element-3cc9380 wd-width-100 elementor-widget elementor-widget-wd_title\" data-id=\"3cc9380\" data-element_type=\"widget\" data-e-type=\"widget\" data-widget_type=\"wd_title.default\">\n\t\t\t\t<div class=\"elementor-widget-container\">\n\t\t\t\t\t\t\t<div class=\"title-wrapper wd-set-mb reset-last-child wd-title-color-default wd-title-style-default wd-title-size-default text-left\">\n\n\t\t\t\n\t\t\t<div class=\"liner-continer\">\n\t\t\t\t<h4 class=\"woodmart-title-container title wd-fontsize-l\">Globale Pr\u00e4senz<\/h4> \n\t\t\t\t\t\t\t<\/div>\n\n\t\t\t\t\t<\/div>\n\t\t\t\t\t\t<\/div>\n\t\t\t\t<\/div>\n\t\t\t\t<div class=\"elementor-element elementor-element-6aa2027 elementor-widget elementor-widget-wd_text_block\" data-id=\"6aa2027\" data-element_type=\"widget\" data-e-type=\"widget\" data-widget_type=\"wd_text_block.default\">\n\t\t\t\t<div class=\"elementor-widget-container\">\n\t\t\t\t\t\t\t<div class=\"wd-text-block reset-last-child text-left\">\n\t\t\t\n\t\t\t<p><strong>\ud835\udc0a\ud835\udc00\ud835\udc0d\ud835\udc0b\ud835\udc08\ud835\udc0a\ud835\udc04<\/strong> ist international t\u00e4tig und stellt sicher, dass unsere Kunden auf der ganzen Welt Zugang zu unseren Produkten und Dienstleistungen haben. Egal, ob lokal oder international, wir verpflichten uns, stets die gleichen hohen Standards an Qualit\u00e4t und Kundenzufriedenheit zu wahren. <\/p>\n\t\t\t\t\t<\/div>\n\t\t\t\t\t\t<\/div>\n\t\t\t\t<\/div>\n\t\t\t\t<\/div>\n\t\t<div class=\"elementor-element elementor-element-b67633c e-con-full e-flex e-con e-child\" data-id=\"b67633c\" data-element_type=\"container\" data-e-type=\"container\">\n\t\t\t\t<div class=\"elementor-element elementor-element-5fcf642 wd-width-100 elementor-widget elementor-widget-wd_title\" data-id=\"5fcf642\" data-element_type=\"widget\" data-e-type=\"widget\" data-widget_type=\"wd_title.default\">\n\t\t\t\t<div class=\"elementor-widget-container\">\n\t\t\t\t\t\t\t<div class=\"title-wrapper wd-set-mb reset-last-child wd-title-color-default wd-title-style-default wd-title-size-default text-left\">\n\n\t\t\t\n\t\t\t<div class=\"liner-continer\">\n\t\t\t\t<h4 class=\"woodmart-title-container title wd-fontsize-l\">Unsere Werte<\/h4> \n\t\t\t\t\t\t\t<\/div>\n\n\t\t\t\t\t<\/div>\n\t\t\t\t\t\t<\/div>\n\t\t\t\t<\/div>\n\t\t\t\t<div class=\"elementor-element elementor-element-ffcd5eb elementor-widget elementor-widget-wd_text_block\" data-id=\"ffcd5eb\" data-element_type=\"widget\" data-e-type=\"widget\" data-widget_type=\"wd_text_block.default\">\n\t\t\t\t<div class=\"elementor-widget-container\">\n\t\t\t\t\t\t\t<div class=\"wd-text-block reset-last-child text-left\">\n\t\t\t\n\t\t\t<ul><li><strong>Qualit\u00e4t:<\/strong> Wir sind bestrebt, unseren Kunden nur die besten und zuverl\u00e4ssigsten Produkte zu liefern.<\/li><li><strong>Vielf\u00e4ltigkeit:<\/strong> Unser umfangreicher Katalog ist so gestaltet, dass er jedem Lebensstil gerecht wird und eine Auswahl bietet, die den unterschiedlichsten Vorlieben entspricht.<\/li><li><strong>Innovation:<\/strong> Wir setzen kontinuierlich modernste Technologien ein, um das Einkaufserlebnis zu verbessern und moderne Anforderungen zu erf\u00fcllen.<\/li><\/ul>\n\t\t\t\t\t<\/div>\n\t\t\t\t\t\t<\/div>\n\t\t\t\t<\/div>\n\t\t\t\t<\/div>\n\t\t\t\t\t<\/div>\n\t\t\t\t<\/div>\n\t\t<div class=\"wd-negative-gap elementor-element elementor-element-d132ef6 e-flex e-con-boxed e-con e-parent\" data-id=\"d132ef6\" data-element_type=\"container\" data-e-type=\"container\">\n\t\t\t\t\t<div class=\"e-con-inner\">\n\t\t<div class=\"elementor-element elementor-element-4c225aa e-con-full e-flex e-con e-child\" data-id=\"4c225aa\" data-element_type=\"container\" data-e-type=\"container\">\n\t\t\t\t<div class=\"elementor-element elementor-element-21faec8 elementor-widget elementor-widget-wd_text_block\" data-id=\"21faec8\" data-element_type=\"widget\" data-e-type=\"widget\" data-widget_type=\"wd_text_block.default\">\n\t\t\t\t<div class=\"elementor-widget-container\">\n\t\t\t\t\t\t\t<div class=\"wd-text-block reset-last-child text-left\">\n\t\t\t\n\t\t\t<h3><strong>Werden Sie Teil unserer Reise<\/strong><\/h3><p>Wir laden Sie ein, unseren Shop zu erkunden und Teil der <strong>\ud835\udc0a\ud835\udc00\ud835\udc0d\ud835\udc0b\ud835\udc08\ud835\udc0a\ud835\udc04<\/strong><strong> Familie<\/strong> zu werden. Folgen Sie uns auf den sozialen Medien, abonnieren Sie unsere Newsletter und bleiben Sie auf dem Laufenden \u00fcber die neuesten Trends, exklusive Angebote und Neuank\u00f6mmlinge. <\/p><p>Vielen Dank, dass Sie sich f\u00fcr <strong>\ud835\udc0a\ud835\udc00\ud835\udc0d\ud835\udc0b\ud835\udc08\ud835\udc0a\ud835\udc04<\/strong> als Ihr vertrauensw\u00fcrdiges Einkaufsziel entschieden haben!<\/p>\n\t\t\t\t\t<\/div>\n\t\t\t\t\t\t<\/div>\n\t\t\t\t<\/div>\n\t\t\t\t<\/div>\n\t\t<div class=\"elementor-element elementor-element-0477713 e-con-full e-flex e-con e-child\" data-id=\"0477713\" data-element_type=\"container\" data-e-type=\"container\">\n\t\t\t\t<div class=\"elementor-element elementor-element-deff83d elementor-widget elementor-widget-wd_text_block\" data-id=\"deff83d\" data-element_type=\"widget\" data-e-type=\"widget\" data-widget_type=\"wd_text_block.default\">\n\t\t\t\t<div class=\"elementor-widget-container\">\n\t\t\t\t\t\t\t<div class=\"wd-text-block reset-last-child text-left\">\n\t\t\t\n\t\t\t<h3><strong>Kontakt<\/strong><\/h3><p>Haben Sie Fragen? Wir helfen Ihnen gerne! <\/p><ul><li><strong>Email<\/strong>: <a rel=\"noopener\">contact@kanlike.com<\/a><\/li><li><strong>Telefon<\/strong>: [00201004454195]<\/li><li><strong>Adresse<\/strong>: [67 , suez canal str , mansoura , Egypt]<\/li><li>Oder besuchen Sie unsere KONTAKT-Seite.<\/li><\/ul>\n\t\t\t\t\t<\/div>\n\t\t\t\t\t\t<\/div>\n\t\t\t\t<\/div>\n\t\t\t\t<\/div>\n\t\t\t\t\t<\/div>\n\t\t\t\t<\/div>\n\t\t\t\t<\/div>\n\t\t","protected":false},"excerpt":{"rendered":"<p>Willkommen bei \ud835\udc0a\ud835\udc00\ud835\udc0d\ud835\udc0b\ud835\udc08\ud835\udc0a\ud835\udc04\u2013 Ihrem ultimativen Shopping-Ziel! Bei \ud835\udc0a\ud835\udc00\ud835\udc0d\ud835\udc0b\ud835\udc08\ud835\udc0a\ud835\udc04 m\u00f6chten wir Ihr Einkaufserlebnis neu definieren. Unter einem virtuellen Dach bieten wir<\/p>\n","protected":false},"author":1,"featured_media":0,"parent":0,"menu_order":0,"comment_status":"closed","ping_status":"closed","template":"","meta":{"_acf_changed":false,"footnotes":""},"class_list":["post-28898","page","type-page","status-publish","hentry"],"acf":[],"jetpack_sharing_enabled":true,"_links":{"self":[{"href":"https:\/\/kanlike.com\/de\/wp-json\/wp\/v2\/pages\/28898","targetHints":{"allow":["GET"]}}],"collection":[{"href":"https:\/\/kanlike.com\/de\/wp-json\/wp\/v2\/pages"}],"about":[{"href":"https:\/\/kanlike.com\/de\/wp-json\/wp\/v2\/types\/page"}],"author":[{"embeddable":true,"href":"https:\/\/kanlike.com\/de\/wp-json\/wp\/v2\/users\/1"}],"replies":[{"embeddable":true,"href":"https:\/\/kanlike.com\/de\/wp-json\/wp\/v2\/comments?post=28898"}],"version-history":[{"count":0,"href":"https:\/\/kanlike.com\/de\/wp-json\/wp\/v2\/pages\/28898\/revisions"}],"wp:attachment":[{"href":"https:\/\/kanlike.com\/de\/wp-json\/wp\/v2\/media?parent=28898"}],"curies":[{"name":"wp","href":"https:\/\/api.w.org\/{rel}","templated":true}]}}